{"id":13,"date":"2014-10-29T19:42:45","date_gmt":"2014-10-29T18:42:45","guid":{"rendered":"https:\/\/www.asso-angeela.fr\/?page_id=13"},"modified":"2014-11-01T22:19:58","modified_gmt":"2014-11-01T21:19:58","slug":"association","status":"publish","type":"page","link":"https:\/\/www.asso-angeela.fr\/?page_id=13","title":{"rendered":"Association"},"content":{"rendered":"<p>Cette association a \u00e9t\u00e9 cr\u00e9\u00e9e le 24\/01\/2011 par Monique et Jean-Michel Robert, \u00e0 Poitiers (Vienne).<\/p>\n<p>Elle a pour but d\u2019organiser des \u00e9v\u00e8nements caritatifs. Chacun de ces \u00e9v\u00e8nements est en faveur d\u2019une action s\u00e9lectionn\u00e9e au pr\u00e9alable par \u00ab\u00a0Ange \u00e8 l\u00e0\u00a0\u00bb et qui partage ses valeurs\u00a0: solidarit\u00e9, action et s\u00e9rieux\u00a0!<\/p>\n<p>Le choix des actions b\u00e9n\u00e9ficiaires est souvent intimement li\u00e9 \u00e0 l\u2019histoire personnelle de Monique et Jean-Michel.<\/p>\n<p>Ils ont ainsi pu apporter leur contribution aux actions suivantes:<\/p>\n<ul>\n<li>Aide au d\u00e9veloppement des \u00e9coles en Afghanistan par le biais d\u2019AFRANE.<\/li>\n<li>Au Maroc, actions directes en aidant 2 \u00e9coles, \u00e0 Azrou et \u00e0 Iztat, dans la moyen atlas. (acheminement de v\u00eatements chauds, aides aux \u00e9coles etc\u2026)<\/li>\n<li>Sant\u00e9 sans fronti\u00e8res (aide ponctuelle).<\/li>\n<li>Pitaya au Guat\u00e9mala (<strong>dans l\u2019urgence<\/strong>) suite \u00e0 des effondrements de terrain etc\u2026 notamment en faisant une vente aux ench\u00e8res.<\/li>\n<li>En Inde, (achat d\u2019un ventilateur pour une classe de maternelle lors d\u2019un voyage).<\/li>\n<li>Actions men\u00e9es par Actorias de cambio au Guat\u00e9mala et que nous soutenons.<\/li>\n<\/ul>\n","protected":false},"excerpt":{"rendered":"<p>Cette association a \u00e9t\u00e9 cr\u00e9\u00e9e le 24\/01\/2011 par Monique et Jean-Michel Robert, \u00e0 Poitiers (Vienne). Elle a pour but d\u2019organiser des \u00e9v\u00e8nements caritatifs. Chacun de ces \u00e9v\u00e8nements est en faveur d\u2019une action s\u00e9lectionn\u00e9e au pr\u00e9alable par \u00ab\u00a0Ange \u00e8 l\u00e0\u00a0\u00bb et qui partage ses valeurs\u00a0: solidarit\u00e9, action et s\u00e9rieux\u00a0! Le choix des actions b\u00e9n\u00e9ficiaires est souvent [&hellip;]<\/p>\n","protected":false},"author":1,"featured_media":0,"parent":0,"menu_order":0,"comment_status":"closed","ping_status":"open","template":"","meta":{"footnotes":""},"class_list":["post-13","page","type-page","status-publish","hentry"],"aioseo_notices":[],"_links":{"self":[{"href":"https:\/\/www.asso-angeela.fr\/index.php?rest_route=\/wp\/v2\/pages\/13","targetHints":{"allow":["GET"]}}],"collection":[{"href":"https:\/\/www.asso-angeela.fr\/index.php?rest_route=\/wp\/v2\/pages"}],"about":[{"href":"https:\/\/www.asso-angeela.fr\/index.php?rest_route=\/wp\/v2\/types\/page"}],"author":[{"embeddable":true,"href":"https:\/\/www.asso-angeela.fr\/index.php?rest_route=\/wp\/v2\/users\/1"}],"replies":[{"embeddable":true,"href":"https:\/\/www.asso-angeela.fr\/index.php?rest_route=%2Fwp%2Fv2%2Fcomments&post=13"}],"version-history":[{"count":2,"href":"https:\/\/www.asso-angeela.fr\/index.php?rest_route=\/wp\/v2\/pages\/13\/revisions"}],"predecessor-version":[{"id":39,"href":"https:\/\/www.asso-angeela.fr\/index.php?rest_route=\/wp\/v2\/pages\/13\/revisions\/39"}],"wp:attachment":[{"href":"https:\/\/www.asso-angeela.fr\/index.php?rest_route=%2Fwp%2Fv2%2Fmedia&parent=13"}],"curies":[{"name":"wp","href":"https:\/\/api.w.org\/{rel}","templated":true}]}}