{"id":17,"date":"2014-10-29T19:45:46","date_gmt":"2014-10-29T18:45:46","guid":{"rendered":"https:\/\/www.asso-angeela.fr\/?page_id=17"},"modified":"2014-11-01T10:45:02","modified_gmt":"2014-11-01T09:45:02","slug":"accueil","status":"publish","type":"page","link":"https:\/\/www.asso-angeela.fr\/","title":{"rendered":"Accueil"},"content":{"rendered":"<h1 style=\"text-align: center;\"><em><span style=\"text-decoration: underline; color: #0000ff;\"><span style=\"text-decoration: underline;\"><strong>Bienvenue sur le site de <\/strong><\/span><\/span><\/em><\/h1>\n<h1 style=\"text-align: center;\"><em><span style=\"text-decoration: underline; color: #0000ff;\"><span style=\"text-decoration: underline;\"><strong>l&rsquo;association Ange \u00e9 L\u00e0<\/strong><\/span><\/span><\/em><\/h1>\n<p>&nbsp;<\/p>\n<p><img loading=\"lazy\" decoding=\"async\" class=\"alignnone  wp-image-22\" src=\"https:\/\/www.asso-angeela.fr\/wp-content\/uploads\/2014\/10\/DSC_0757-300x199.jpg\" alt=\"DSC_0757\" width=\"251\" height=\"167\" srcset=\"https:\/\/www.asso-angeela.fr\/wp-content\/uploads\/2014\/10\/DSC_0757-300x199.jpg 300w, https:\/\/www.asso-angeela.fr\/wp-content\/uploads\/2014\/10\/DSC_0757-1024x680.jpg 1024w\" sizes=\"auto, (max-width: 251px) 100vw, 251px\" \/>\u00a0<img loading=\"lazy\" decoding=\"async\" class=\"alignnone  wp-image-21\" src=\"https:\/\/www.asso-angeela.fr\/wp-content\/uploads\/2014\/10\/DSC_0065-199x300.jpg\" alt=\"DSC_0065\" width=\"111\" height=\"167\" srcset=\"https:\/\/www.asso-angeela.fr\/wp-content\/uploads\/2014\/10\/DSC_0065-199x300.jpg 199w, https:\/\/www.asso-angeela.fr\/wp-content\/uploads\/2014\/10\/DSC_0065-680x1024.jpg 680w, https:\/\/www.asso-angeela.fr\/wp-content\/uploads\/2014\/10\/DSC_0065.jpg 1710w\" sizes=\"auto, (max-width: 111px) 100vw, 111px\" \/>\u00a0<img loading=\"lazy\" decoding=\"async\" class=\"alignnone  wp-image-23\" src=\"https:\/\/www.asso-angeela.fr\/wp-content\/uploads\/2014\/10\/DSC_0941-300x199.jpg\" alt=\"DSC_0941\" width=\"253\" height=\"167\" srcset=\"https:\/\/www.asso-angeela.fr\/wp-content\/uploads\/2014\/10\/DSC_0941-300x199.jpg 300w, https:\/\/www.asso-angeela.fr\/wp-content\/uploads\/2014\/10\/DSC_0941-1024x679.jpg 1024w\" sizes=\"auto, (max-width: 253px) 100vw, 253px\" \/><\/p>\n<h2 style=\"text-align: center;\">Agir de fa\u00e7on d\u00e9sint\u00e9ress\u00e9e au service des autres !<\/h2>\n","protected":false},"excerpt":{"rendered":"<p>Bienvenue sur le site de l&rsquo;association Ange \u00e9 L\u00e0 &nbsp; \u00a0\u00a0 Agir de fa\u00e7on d\u00e9sint\u00e9ress\u00e9e au service des autres !<\/p>\n","protected":false},"author":1,"featured_media":0,"parent":0,"menu_order":0,"comment_status":"closed","ping_status":"open","template":"","meta":{"footnotes":""},"class_list":["post-17","page","type-page","status-publish","hentry"],"aioseo_notices":[],"_links":{"self":[{"href":"https:\/\/www.asso-angeela.fr\/index.php?rest_route=\/wp\/v2\/pages\/17","targetHints":{"allow":["GET"]}}],"collection":[{"href":"https:\/\/www.asso-angeela.fr\/index.php?rest_route=\/wp\/v2\/pages"}],"about":[{"href":"https:\/\/www.asso-angeela.fr\/index.php?rest_route=\/wp\/v2\/types\/page"}],"author":[{"embeddable":true,"href":"https:\/\/www.asso-angeela.fr\/index.php?rest_route=\/wp\/v2\/users\/1"}],"replies":[{"embeddable":true,"href":"https:\/\/www.asso-angeela.fr\/index.php?rest_route=%2Fwp%2Fv2%2Fcomments&post=17"}],"version-history":[{"count":8,"href":"https:\/\/www.asso-angeela.fr\/index.php?rest_route=\/wp\/v2\/pages\/17\/revisions"}],"predecessor-version":[{"id":37,"href":"https:\/\/www.asso-angeela.fr\/index.php?rest_route=\/wp\/v2\/pages\/17\/revisions\/37"}],"wp:attachment":[{"href":"https:\/\/www.asso-angeela.fr\/index.php?rest_route=%2Fwp%2Fv2%2Fmedia&parent=17"}],"curies":[{"name":"wp","href":"https:\/\/api.w.org\/{rel}","templated":true}]}}