{"id":40,"date":"2014-11-01T22:20:49","date_gmt":"2014-11-01T21:20:49","guid":{"rendered":"https:\/\/www.asso-angeela.fr\/?page_id=40"},"modified":"2014-11-01T22:20:49","modified_gmt":"2014-11-01T21:20:49","slug":"historique","status":"publish","type":"page","link":"https:\/\/www.asso-angeela.fr\/?page_id=40","title":{"rendered":"Historique"},"content":{"rendered":"<p>Au travers des voyages perso que l\u2019on a pu faire, nous avons toujours \u00e9t\u00e9 interpell\u00e9s par la population locale et leurs conditions de vie.<\/p>\n<p>Au Maroc, nous avons maintenant des amis avec lesquels nous tissons toujours des liens et sur qui nous nous appuyons pour mettre en place diff\u00e9rentes actions.<\/p>\n<p>En Inde, nous avons rencontr\u00e9 une association locale qui s\u2019occupe de quelques villages ayant subi directement les d\u00e9g\u00e2ts du tsunami en 2004. Nous avons financ\u00e9 l\u2019achat d\u2019un ventilateur pour une \u00e9cole.<\/p>\n<p>Au Guat\u00e9mala, pour lequel nous sommes personnellement concern\u00e9s puisque nous avons adopt\u00e9 l\u00e0-bas, nous avons d\u00e9j\u00e0 fait une vente aux ench\u00e8res pour aider l\u2019association Pitaya lors des d\u00e9g\u00e2ts survenus suite \u00e0 un ouragan. Cette vente aux ench\u00e8res a \u00e9t\u00e9 organis\u00e9e avec l\u2019aide de Luc Marquet, joueur de volley plusieurs fois s\u00e9lectionn\u00e9 en \u00e9quipe de France,avec qui nous avons gard\u00e9 des liens d\u2019amiti\u00e9.<\/p>\n<p>&nbsp;<\/p>\n<p>Depuis quelque temps nous avons donc cr\u00e9e notre association, avec nos enfants, pour aider\u00a0 en organisant des soir\u00e9es conviviales et nous faisons appel \u00e0 tous les donateurs possibles et int\u00e9ress\u00e9s par nos objectifs.<\/p>\n","protected":false},"excerpt":{"rendered":"<p>Au travers des voyages perso que l\u2019on a pu faire, nous avons toujours \u00e9t\u00e9 interpell\u00e9s par la population locale et leurs conditions de vie. Au Maroc, nous avons maintenant des amis avec lesquels nous tissons toujours des liens et sur qui nous nous appuyons pour mettre en place diff\u00e9rentes actions. En Inde, nous avons rencontr\u00e9 [&hellip;]<\/p>\n","protected":false},"author":1,"featured_media":0,"parent":0,"menu_order":0,"comment_status":"closed","ping_status":"closed","template":"","meta":{"footnotes":""},"class_list":["post-40","page","type-page","status-publish","hentry"],"aioseo_notices":[],"_links":{"self":[{"href":"https:\/\/www.asso-angeela.fr\/index.php?rest_route=\/wp\/v2\/pages\/40","targetHints":{"allow":["GET"]}}],"collection":[{"href":"https:\/\/www.asso-angeela.fr\/index.php?rest_route=\/wp\/v2\/pages"}],"about":[{"href":"https:\/\/www.asso-angeela.fr\/index.php?rest_route=\/wp\/v2\/types\/page"}],"author":[{"embeddable":true,"href":"https:\/\/www.asso-angeela.fr\/index.php?rest_route=\/wp\/v2\/users\/1"}],"replies":[{"embeddable":true,"href":"https:\/\/www.asso-angeela.fr\/index.php?rest_route=%2Fwp%2Fv2%2Fcomments&post=40"}],"version-history":[{"count":1,"href":"https:\/\/www.asso-angeela.fr\/index.php?rest_route=\/wp\/v2\/pages\/40\/revisions"}],"predecessor-version":[{"id":42,"href":"https:\/\/www.asso-angeela.fr\/index.php?rest_route=\/wp\/v2\/pages\/40\/revisions\/42"}],"wp:attachment":[{"href":"https:\/\/www.asso-angeela.fr\/index.php?rest_route=%2Fwp%2Fv2%2Fmedia&parent=40"}],"curies":[{"name":"wp","href":"https:\/\/api.w.org\/{rel}","templated":true}]}}