{"id":43,"date":"2014-11-01T22:23:03","date_gmt":"2014-11-01T21:23:03","guid":{"rendered":"https:\/\/www.asso-angeela.fr\/?page_id=43"},"modified":"2014-11-01T22:23:03","modified_gmt":"2014-11-01T21:23:03","slug":"nos-status","status":"publish","type":"page","link":"https:\/\/www.asso-angeela.fr\/?page_id=43","title":{"rendered":"Nos Status"},"content":{"rendered":"<h2 style=\"text-align: center;\"><strong><em>STATUTS DE L\u2019ASSOCIATION<\/em><\/strong><\/h2>\n<h2 style=\"text-align: center;\"><strong><em>\u00ab\u00a0Ange \u00e9 l\u00e0 \u00bb.<\/em><\/strong><\/h2>\n<p><strong>ARTICLE- I- Constitution\u00a0:<\/strong><\/p>\n<p>&nbsp;<\/p>\n<p>Il est fond\u00e9 \u00e0 Poitiers une association r\u00e9gie par la loi du 1<sup>e<\/sup> juillet 1901 et le d\u00e9cret du 16 ao\u00fbt 1901 ayant pour titre\u00a0:<\/p>\n<p><strong>Ange \u00e9 l\u00e0.<\/strong><\/p>\n<p>&nbsp;<\/p>\n<p><strong>ARTICLE- II- Buts\u00a0:<\/strong><\/p>\n<p>&nbsp;<\/p>\n<ol>\n<li>a) Agir de fa\u00e7on d\u00e9sint\u00e9ress\u00e9e au service des autres.<\/li>\n<li>b) Faire des Actions, \u00e0 travers des manifestations dont les b\u00e9n\u00e9fices seront revers\u00e9s sur des projets orient\u00e9s en direction des enfants et des femmes.<\/li>\n<\/ol>\n<p>&nbsp;<\/p>\n<p><strong>ARTICLE- III- Si\u00e8ge Social\u00a0:<\/strong><\/p>\n<p>&nbsp;<\/p>\n<p>Le si\u00e8ge social est fix\u00e9 provisoirement\u00a0: 30 all\u00e9e de la Vervoli\u00e8re, 86000 Poitiers.<\/p>\n<p>Il pourra \u00eatre transf\u00e9r\u00e9 par d\u00e9cision du Conseil d\u2019Administration.<\/p>\n<p>&nbsp;<\/p>\n<p><strong>ARTICLE- IV- Dur\u00e9e\u00a0:<\/strong><\/p>\n<p>&nbsp;<\/p>\n<p>Sa dur\u00e9e est illimit\u00e9e.<\/p>\n<p>&nbsp;<\/p>\n<p><strong>ARTICLE- V- Composition\u00a0:<\/strong><\/p>\n<p>&nbsp;<\/p>\n<p>L\u2019association se compose de\u00a0: -membres fondateurs\u00a0: Jean-Michel Robert<\/p>\n<p>Monique Robert<\/p>\n<p>Manuel Robert<\/p>\n<p>Marion Robert<\/p>\n<p>Maud Robert<\/p>\n<p>-membres adh\u00e9rents<\/p>\n<p>-membres bienfaiteurs<\/p>\n<p>&nbsp;<\/p>\n<p><strong>ARTICLE- VI- Admission\u00a0:<\/strong><\/p>\n<p>&nbsp;<\/p>\n<p>Pour \u00eatre membre de l\u2019association il faut \u00eatre parrain\u00e9 par un membre fondateur.<\/p>\n<p>&nbsp;<\/p>\n<p><strong>ARTICLE \u2013VII- Cotisation\u00a0:<\/strong><\/p>\n<p>&nbsp;<\/p>\n<p>Les membres actifs s\u2019acquittent annuellement d\u2019une cotisation dont le montant est fix\u00e9 par l\u2019Assembl\u00e9e G\u00e9n\u00e9rale Ordinaire.<\/p>\n<p>Ils s\u2019engagent \u00e9galement \u00e0 s\u2019acquitter du droit d\u2019entr\u00e9e lors des manifestations.<\/p>\n<p>&nbsp;<\/p>\n<p><strong>ARTICLE- VIII- Radiation\u00a0:<\/strong><\/p>\n<p>&nbsp;<\/p>\n<ul>\n<li>par d\u00e9mission<\/li>\n<li>par d\u00e9c\u00e8s<\/li>\n<li>par radiation prononc\u00e9e par le Conseil d\u2019Administration pour non paiement de la cotisation<\/li>\n<li>pour motif grave, l\u2019int\u00e9ress\u00e9 ayant \u00e9t\u00e9 invit\u00e9 au pr\u00e9alable \u00e0 fournir des explications au CA.<\/li>\n<\/ul>\n<p>&nbsp;<\/p>\n<p><strong>ARTICLE- IX- Ressources\u00a0:<\/strong><\/p>\n<p>&nbsp;<\/p>\n<p>Les ressources de l\u2019association se composent\u00a0:<\/p>\n<p>-du montant des cotisations<\/p>\n<p>&#8211; des subventions \u00e9ventuelles de l\u2019\u00e9tat, des r\u00e9gions, des d\u00e9partements, des communes ainsi que des dons et legs particuliers.<\/p>\n<p>&#8211; du produit de manifestations<\/p>\n<p>&#8211; de toutes autres ressources ou subventions qui ne seraient pas contraire aux lois en vigueur.<\/p>\n<p>&nbsp;<\/p>\n<p><strong>ARTICLE- X- Assembl\u00e9e G\u00e9n\u00e9rale\u00a0:<\/strong><\/p>\n<p>&nbsp;<\/p>\n<p>Les Assembl\u00e9es G\u00e9n\u00e9rales se composent de tous les membres de l\u2019association. Prennent part aux votes tous les membres pr\u00e9sents ou repr\u00e9sent\u00e9s \u00e2g\u00e9s de 16 ans au moins au jour de l\u2019Assembl\u00e9e.<\/p>\n<p>Les membres sont convoqu\u00e9s 15 jours au moins avant la date fix\u00e9e, l\u2019ordre du jour est indiqu\u00e9 sur les convocations.<\/p>\n<p>&nbsp;<\/p>\n<p><strong>ARTICLE- XI- Assembl\u00e9e G\u00e9n\u00e9rale Ordinaire\u00a0:<\/strong><\/p>\n<p>&nbsp;<\/p>\n<p>Elle se r\u00e9unit une fois par an dans les conditions fix\u00e9es \u00e0 l\u2019article X des pr\u00e9sents statuts.<\/p>\n<p>Elle se prononce sur\u00a0:<\/p>\n<p>-la situation morale de l\u2019association et le rapport d\u2019activit\u00e9<\/p>\n<p>-le rapport financier<\/p>\n<p>-les orientations.<\/p>\n<p>&nbsp;<\/p>\n<p>Les votes sur les diff\u00e9rents rapports ont lieu \u00e0 la majorit\u00e9 des membres pr\u00e9sents ou repr\u00e9sent\u00e9s.<\/p>\n<p>&nbsp;<\/p>\n<p>L\u2019Assembl\u00e9e G\u00e9n\u00e9rale Ordinaire pourvoit au renouvellement \u00e9ventuel des membres du Conseil d\u2019Administration dans les conditions pr\u00e9vues \u00e0 l\u2019article XIII des pr\u00e9sents statuts.<\/p>\n<p>&nbsp;<\/p>\n<p><strong>ARTICLE- XII- Assembl\u00e9e G\u00e9n\u00e9rale Extraordinaire\u00a0:<\/strong><\/p>\n<p>&nbsp;<\/p>\n<p>Elle est convoqu\u00e9e pour des questions importantes dans les conditions fix\u00e9es \u00e0 l\u2019article X des pr\u00e9sents statuts ou \u00e0 la demande du tiers au moins des membres de l\u2019association.<\/p>\n<p>&nbsp;<\/p>\n<p>Les d\u00e9cisions sont prises \u00e0 la majorit\u00e9 des membres pr\u00e9sents ou repr\u00e9sent\u00e9s.<\/p>\n<p>&nbsp;<\/p>\n<p>L\u2019Assembl\u00e9e G\u00e9n\u00e9rale Extraordinaire est seule comp\u00e9tente pour d\u00e9cider de modifications \u00e0 apporter aux pr\u00e9sents statuts. Dans ce cas, les d\u00e9lib\u00e9rations sont prises \u00e0 la majorit\u00e9 des deux tiers des membres pr\u00e9sents ou repr\u00e9sent\u00e9s.<\/p>\n<p>&nbsp;<\/p>\n<p>&nbsp;<\/p>\n<p>&nbsp;<\/p>\n<p><strong>ARTICLE- XIII- Conseil d\u2019Administration\u00a0:<\/strong><\/p>\n<p>&nbsp;<\/p>\n<p>L\u2019association est administr\u00e9e par un conseil d\u2019administration compos\u00e9 au maximum de 12 membres.<\/p>\n<p>Les membres fondateurs font partie de droit du Conseil d\u2019Administration.<\/p>\n<p>Les autres membres administrateurs sont renouvel\u00e9s par moiti\u00e9 chaque ann\u00e9e par l\u2019Assembl\u00e9e G\u00e9n\u00e9rale.<\/p>\n<p>Est \u00e9ligible au CA tout membre \u00e2g\u00e9 de 16 ans au moins au jour de l\u2019Assembl\u00e9e G\u00e9n\u00e9rale Ordinaire et \u00e0 jour de sa cotisation.<\/p>\n<p>Le Conseil d\u2019Administration se r\u00e9unit au moins 3 fois par an, convoqu\u00e9 par le pr\u00e9sident ou \u00e0 la demande d\u2019au moins la moiti\u00e9 de ses membres.<\/p>\n<p>Les d\u00e9cisions sont prises \u00e0 la majorit\u00e9 des membres pr\u00e9sents et en cas d\u2019\u00e9galit\u00e9 la voix du pr\u00e9sident est pr\u00e9pond\u00e9rante.<\/p>\n<p>Le Conseil d\u2019Administration \u00e9lit chaque ann\u00e9e parmi ses membres un bureau comprenant\u00a0:<\/p>\n<p>-un pr\u00e9sident<\/p>\n<p>-un secr\u00e9taire<\/p>\n<p>-un tr\u00e9sorier<\/p>\n<p>-plusieurs autres membres pourront \u00eatre nomm\u00e9s pour les seconder ou les remplacer.<\/p>\n<p>&nbsp;<\/p>\n<p><strong>ARTICLE- XIV- Dissolution\u00a0:<\/strong><\/p>\n<p>&nbsp;<\/p>\n<p>En cas de dissolution, l\u2019actif est, s\u2019il y a lieu, d\u00e9volu conform\u00e9ment \u00e0 l\u2019article 9 de la loi du 1<sup>e<\/sup> juillet 1901 et \u00e0 l\u2019article 15 du d\u00e9cret du 16 ao\u00fbt 1901.<\/p>\n<p>&nbsp;<\/p>\n<p>&nbsp;<\/p>\n<p>&nbsp;<\/p>\n<p>&nbsp;<\/p>\n<p>&nbsp;<\/p>\n<p>Fait \u00e0 Poitiers le 25\/09\/2010<\/p>\n<p>&nbsp;<\/p>\n<p>Le Pr\u00e9sident\u00a0: Jean-Michel Robert.<\/p>\n<p>&nbsp;<\/p>\n<p>&nbsp;<\/p>\n<p>&nbsp;<\/p>\n<p>La Secr\u00e9taire\u00a0: Monique Robert<\/p>\n<p>&nbsp;<\/p>\n","protected":false},"excerpt":{"rendered":"<p>STATUTS DE L\u2019ASSOCIATION \u00ab\u00a0Ange \u00e9 l\u00e0 \u00bb. ARTICLE- I- Constitution\u00a0: &nbsp; Il est fond\u00e9 \u00e0 Poitiers une association r\u00e9gie par la loi du 1e juillet 1901 et le d\u00e9cret du 16 ao\u00fbt 1901 ayant pour titre\u00a0: Ange \u00e9 l\u00e0. &nbsp; ARTICLE- II- Buts\u00a0: &nbsp; a) Agir de fa\u00e7on d\u00e9sint\u00e9ress\u00e9e au service des autres. b) Faire [&hellip;]<\/p>\n","protected":false},"author":1,"featured_media":0,"parent":0,"menu_order":0,"comment_status":"closed","ping_status":"closed","template":"","meta":{"footnotes":""},"class_list":["post-43","page","type-page","status-publish","hentry"],"aioseo_notices":[],"_links":{"self":[{"href":"https:\/\/www.asso-angeela.fr\/index.php?rest_route=\/wp\/v2\/pages\/43","targetHints":{"allow":["GET"]}}],"collection":[{"href":"https:\/\/www.asso-angeela.fr\/index.php?rest_route=\/wp\/v2\/pages"}],"about":[{"href":"https:\/\/www.asso-angeela.fr\/index.php?rest_route=\/wp\/v2\/types\/page"}],"author":[{"embeddable":true,"href":"https:\/\/www.asso-angeela.fr\/index.php?rest_route=\/wp\/v2\/users\/1"}],"replies":[{"embeddable":true,"href":"https:\/\/www.asso-angeela.fr\/index.php?rest_route=%2Fwp%2Fv2%2Fcomments&post=43"}],"version-history":[{"count":1,"href":"https:\/\/www.asso-angeela.fr\/index.php?rest_route=\/wp\/v2\/pages\/43\/revisions"}],"predecessor-version":[{"id":45,"href":"https:\/\/www.asso-angeela.fr\/index.php?rest_route=\/wp\/v2\/pages\/43\/revisions\/45"}],"wp:attachment":[{"href":"https:\/\/www.asso-angeela.fr\/index.php?rest_route=%2Fwp%2Fv2%2Fmedia&parent=43"}],"curies":[{"name":"wp","href":"https:\/\/api.w.org\/{rel}","templated":true}]}}