{"id":46,"date":"2014-11-01T22:23:59","date_gmt":"2014-11-01T21:23:59","guid":{"rendered":"https:\/\/www.asso-angeela.fr\/?page_id=46"},"modified":"2014-11-02T18:32:52","modified_gmt":"2014-11-02T17:32:52","slug":"nos-projets","status":"publish","type":"page","link":"https:\/\/www.asso-angeela.fr\/?page_id=46","title":{"rendered":"Nos Projets &#8230;"},"content":{"rendered":"<p><strong>\u00a0\u00a0\u00a0\u00a0\u00a0\u00a0\u00a0\u00a0\u00a0\u00a0\u00a0\u00a0\u00a0 Description des projets en cours\u00a0:<\/strong><\/p>\n<p>&nbsp;<\/p>\n<ol>\n<li>Aide pour les \u00e9coles en <strong>Afghanistan<\/strong>, via l\u2019association fran\u00e7aise\u00a0: AFRANE<\/li>\n<\/ol>\n<p><a href=\"http:\/\/www.afrane.asso.fr\">http:\/\/www.afrane.asso.fr<\/a><\/p>\n<p>&nbsp;<\/p>\n<ol>\n<li><strong> B) <\/strong>Aide au niveau des \u00e9coles avec des personnes locales au Maroc<\/li>\n<\/ol>\n<p>Nous sommes en relation avec un instituteur marocain, il travaille dans une \u00e9cole du Moyen Atlas, \u00e9loign\u00e9e de tout (pas d\u2019eau courante, pas de chauffage), l\u2019\u00e9lectricit\u00e9 vient juste d\u2019\u00eatre install\u00e9e d\u00e9but 2008.<\/p>\n<p>Nous collectons \u00e9galement du mat\u00e9riel scolaire et p\u00e9dagogique pour cette \u00e9cole.<\/p>\n<p>&nbsp;<\/p>\n<ol>\n<li><strong>C<\/strong>) Aide en <strong>Inde et au N\u00e9pal<\/strong> suite \u00e0 un voyage sur place et le besoin local.<\/li>\n<\/ol>\n<p>&nbsp;<\/p>\n<ol>\n<li><strong> D) <\/strong>Aide au <strong>Guat\u00e9mala <\/strong>au niveau des femmes et des jeunes filles victimes de viol.<\/li>\n<\/ol>\n<p>Pr\u00e9sentation de l&rsquo;association \u00a0\u00bb Actoras de Cambio \u00a0\u00bb : <a href=\"https:\/\/www.asso-angeela.fr\/wp-content\/uploads\/2014\/11\/Pr\u00e9sentation-Actoras-de-cambio.pdf\">T\u00e9l\u00e9chargez ici<\/a><\/p>\n<p>&nbsp;<\/p>\n<p>Dans tous ces pays (\u00e0 part l\u2019Afghanistan), nous sommes en relation avec des correspondants locaux avec lesquels nous avons le d\u00e9sir de monter des projets sur place, selon les besoins, et nous y rendre pour le bon suivi des choses.<\/p>\n","protected":false},"excerpt":{"rendered":"<p>\u00a0\u00a0\u00a0\u00a0\u00a0\u00a0\u00a0\u00a0\u00a0\u00a0\u00a0\u00a0\u00a0 Description des projets en cours\u00a0: &nbsp; Aide pour les \u00e9coles en Afghanistan, via l\u2019association fran\u00e7aise\u00a0: AFRANE http:\/\/www.afrane.asso.fr &nbsp; B) Aide au niveau des \u00e9coles avec des personnes locales au Maroc Nous sommes en relation avec un instituteur marocain, il travaille dans une \u00e9cole du Moyen Atlas, \u00e9loign\u00e9e de tout (pas d\u2019eau courante, pas de [&hellip;]<\/p>\n","protected":false},"author":1,"featured_media":0,"parent":0,"menu_order":0,"comment_status":"closed","ping_status":"closed","template":"","meta":{"footnotes":""},"class_list":["post-46","page","type-page","status-publish","hentry"],"aioseo_notices":[],"_links":{"self":[{"href":"https:\/\/www.asso-angeela.fr\/index.php?rest_route=\/wp\/v2\/pages\/46","targetHints":{"allow":["GET"]}}],"collection":[{"href":"https:\/\/www.asso-angeela.fr\/index.php?rest_route=\/wp\/v2\/pages"}],"about":[{"href":"https:\/\/www.asso-angeela.fr\/index.php?rest_route=\/wp\/v2\/types\/page"}],"author":[{"embeddable":true,"href":"https:\/\/www.asso-angeela.fr\/index.php?rest_route=\/wp\/v2\/users\/1"}],"replies":[{"embeddable":true,"href":"https:\/\/www.asso-angeela.fr\/index.php?rest_route=%2Fwp%2Fv2%2Fcomments&post=46"}],"version-history":[{"count":5,"href":"https:\/\/www.asso-angeela.fr\/index.php?rest_route=\/wp\/v2\/pages\/46\/revisions"}],"predecessor-version":[{"id":167,"href":"https:\/\/www.asso-angeela.fr\/index.php?rest_route=\/wp\/v2\/pages\/46\/revisions\/167"}],"wp:attachment":[{"href":"https:\/\/www.asso-angeela.fr\/index.php?rest_route=%2Fwp%2Fv2%2Fmedia&parent=46"}],"curies":[{"name":"wp","href":"https:\/\/api.w.org\/{rel}","templated":true}]}}